{"id":5343,"date":"2021-02-09T21:10:58","date_gmt":"2021-02-09T19:10:58","guid":{"rendered":"https:\/\/lannen.brandproductstore.fi\/?page_id=5343"},"modified":"2024-03-04T09:46:40","modified_gmt":"2024-03-04T07:46:40","slug":"integritetspolicy","status":"publish","type":"page","link":"https:\/\/lannen.brandproductstore.fi\/sv\/integritetspolicy\/","title":{"rendered":"Integritetspolicy"},"content":{"rendered":"<h1>Integritetspolicy<\/h1>\n<h2>ALLM\u00c4NT<\/h2>\n<p>Loihe Oy erbjuder den b\u00e4sta, h\u00e5llbara kvaliteten inom aff\u00e4rsg\u00e5vor och f\u00f6retagstextilindustrin med modern standard. F\u00f6r att uppn\u00e5 detta samlar vi in \u200b\u200boch behandlar noggrant definierade personuppgifter relaterade till v\u00e5ra kunder, leverant\u00f6rer, personal, ekonomiadministration, publicitet och marknadsf\u00f6ring.<\/p>\n<p>Vi v\u00e4gleds av v\u00e5ra standarder f\u00f6r h\u00e5llbarhet i hanteringen av personuppgifter. Vi s\u00e4kerst\u00e4ller att personuppgifterna i v\u00e5r besittning behandlas s\u00e4kert och lagligt och att de registrerades r\u00e4ttigheter uppfylls.<\/p>\n<p>Denna integritetspolicy f\u00f6rklarar i detalj vad detta inneb\u00e4r i praktiken. Kontakta oss om du beh\u00f6ver mer information.<\/p>\n<h2>F\u00d6RETAGS- OCH KONTAKTINFORMATION<\/h2>\n<p>Loihe Oy (momsnummer FI27720809)<br \/>\nTeollisuustie 1<br \/>\n90830 Haukipudas<br \/>\nFinland<br \/>\ntietosuoja@loihe.fi<br \/>\ntel: +35810 419 6500<\/p>\n<h2>SYFTEN OCH R\u00c4TTSLIG GRUND F\u00d6R BEHANDLING AV PERSONUPPGIFTER<\/h2>\n<p>Vi behandlar dina personuppgifter endast enligt f\u00f6ljande principer som anges i lagstiftningen.<\/p>\n<ul>\n<li>Om du \u00e4r avtalspartner till v\u00e5rt f\u00f6retag, s\u00e5som kund eller leverant\u00f6r, baseras r\u00e4tten att behandla personuppgifter p\u00e5 v\u00e5rt avtalsf\u00f6rh\u00e5llande. Insamlingen av data \u00e4r begr\u00e4nsad till information som \u00e4r relevant f\u00f6r fullbordandet av v\u00e5rt avtal.<\/li>\n<li>Vi kan \u00e4ven behandla dina personuppgifter om du har gett ett uttryckligt samtycke till ett specifikt \u00e4ndam\u00e5l, till exempel att ta emot ett nyhetsbrev. I detta fall kommer dina personuppgifter inte att anv\u00e4ndas f\u00f6r andra \u00e4ndam\u00e5l.<\/li>\n<li>I vissa fall \u00e4r hanteringen av personuppgifter baserad p\u00e5 den registeransvariges legitima intressen, det vill s\u00e4ga v\u00e5rt f\u00f6retag. Vi behandlar till exempel v\u00e5ra anst\u00e4lldas personuppgifter relaterade till deras anst\u00e4llningsf\u00f6rh\u00e5llanden. Vi behandlar \u00e4ven data relaterade till kundrelationer utifr\u00e5n detta. Vi beh\u00f6ver till exempel behandla din adressinformation n\u00e4r vi levererar din best\u00e4llning.<\/li>\n<li>V\u00e5rt f\u00f6retag har \u00e4ven normala r\u00e4ttsliga skyldigheter relaterade till beskattning, bokf\u00f6ring etc. I dessa fall \u00e4r grunden f\u00f6r personuppgiftshantering laglig skyldighet.<\/li>\n<\/ul>\n<h2 class=\"p1\">GRUPPER AV REGISTRERADE PERSONER OCH INSAMLADE DATA<\/h2>\n<p>V\u00e5rt behov av att samla in dina uppgifter beror p\u00e5 din relation till v\u00e5rt f\u00f6retag. Om du \u00e4r anst\u00e4lld beh\u00f6ver vi samla in mer information \u00e4n n\u00e4r du till exempel \u00e4r kund.<\/p>\n<ul>\n<li>V\u00e5r personal<\/li>\n<\/ul>\n<p>Namn, kontaktuppgifter och annan information som beh\u00f6vs f\u00f6r anst\u00e4llningsf\u00f6rh\u00e5llandet<\/p>\n<ul>\n<li>V\u00e5ra leverant\u00f6rer och kunder<\/li>\n<\/ul>\n<p>Namn och kontaktuppgifter<\/p>\n<ul>\n<li>Marknadsf\u00f6ring och publicitet<\/li>\n<\/ul>\n<p>Namn och e-postadress<\/p>\n<h2 class=\"p1\">COOKIES<\/h2>\n<p>En cookie \u00e4r en fil fr\u00e5n en webbplats som placeras p\u00e5 anv\u00e4ndarens dator eller annan enhet av anv\u00e4ndarens webbl\u00e4sare. V\u00e5ra f\u00f6retagswebbplatser anv\u00e4nder cookies f\u00f6r att sp\u00e5ra bes\u00f6ksstatistik och f\u00f6r att rikta marknadsf\u00f6ringskommunikation till v\u00e5ra webbplatsbes\u00f6kare.<\/p>\n<h2>BEHANDLARE AV PERSONUPPGIFTER<\/h2>\n<p>I vissa fall behandlas dina personuppgifter av f\u00f6retag som erbjuder oss tj\u00e4nster, alltid enligt v\u00e5rt uppdrag. Vi v\u00e4ljer dessa f\u00f6retag noggrant och tecknar databehandlingsavtal med dem enligt dataskyddsf\u00f6rordningen. I dessa fall \u00e4r vi som personuppgiftsansvarig ocks\u00e5 ansvariga f\u00f6r dina uppgifter. Vi anv\u00e4nder andra f\u00f6retags tj\u00e4nster till exempel inom ekonomiadministration, aff\u00e4rssystem, leveranser och marknadsf\u00f6ring.<\/p>\n<p>Dina personuppgifter \u00f6verf\u00f6rs inte regelbundet utanf\u00f6r EU eller Europeiska ekonomiska samarbetsomr\u00e5det.<\/p>\n<h2 class=\"p1\">KVARH\u00c5LLING AV PERSONUPPGIFTER<\/h2>\n<p>Vi f\u00f6ljer principen om dataminimering n\u00e4r det g\u00e4ller lagring av personuppgifter. Dina uppgifter kommer att tas bort n\u00e4r det inte l\u00e4ngre finns en r\u00e4ttslig grund eller ett verkligt behov av uppgifterna.<\/p>\n<p>Lagring av personuppgifter relaterade till v\u00e5rt f\u00f6retags egen verksamhet regleras av flera lagar, s\u00e5som bokf\u00f6ringslagen, arbetstidslagen och anst\u00e4llningsavtalslagen. I dessa fall \u00e4r lagringstiden f\u00f6r personuppgifter vanligtvis 10 \u00e5r.<\/p>\n<p>Lagringstiden f\u00f6r andra personuppgifter i v\u00e5r besittning, s\u00e5som kundinformation, best\u00e4ms av syftet med anv\u00e4ndningen av uppgifterna.<\/p>\n<h2 class=\"p1\">REGISTRERADE PERSONERS R\u00c4TTIGHETER<\/h2>\n<p>Du har r\u00e4tt att f\u00e5 tillg\u00e5ng till dina egna personuppgifter. I praktiken betyder det till exempel f\u00f6ljande:<\/p>\n<ul>\n<li>R\u00e4tt till insyn \u2013 du kan kontrollera vilka uppgifter om dig som har registrerats<\/li>\n<li>R\u00e4tt till r\u00e4ttelse \u2013 du kan kr\u00e4va r\u00e4ttelse av eventuella felaktiga uppgifter<\/li>\n<li>R\u00e4tt till radering \u2013 du kan kr\u00e4va att din data raderas<\/li>\n<li>R\u00e4tt till begr\u00e4nsning av behandlingen \u2013 du kan best\u00e4mma hur dina uppgifter ska anv\u00e4ndas och inte anv\u00e4nds<\/li>\n<li>R\u00e4tt att inv\u00e4nda \u2013 du kan kr\u00e4va att dina uppgifter inte behandlas alls<\/li>\n<li>R\u00e4tt till dataportabilitet \u2013 du kan beg\u00e4ra att f\u00e5 \u00f6verf\u00f6ra de personuppgifter du har l\u00e4mnat till en annan personuppgiftsansvarig<\/li>\n<li>Om du har gett ditt samtycke till att anv\u00e4nda dina personuppgifter f\u00f6r ett specifikt \u00e4ndam\u00e5l kan du ocks\u00e5 \u00e5terkalla ditt samtycke.<\/li>\n<li>Dessutom har du r\u00e4tt att g\u00f6ra ett klagom\u00e5l om behandlingen av dina personuppgifter till en tillsynsmyndighet.<\/li>\n<\/ul>\n<p>Du kan g\u00f6ra en beg\u00e4ran om att f\u00e5 tillg\u00e5ng till dina personuppgifter i v\u00e5rt register. Vi ger endast ut information till personer som har gjort en stark elektronisk identifiering.<\/p>\n<h2 class=\"p1\">K\u00c4LLOR TILL PERSONUPPGIFTER<\/h2>\n<p>Vi tar emot personuppgifter fr\u00e5n v\u00e5ra kunder och personer som \u00e4r intresserade av v\u00e5ra produkter. Dessutom \u00e4r vi personuppgiftsansvarig f\u00f6r v\u00e5ra anst\u00e4lldas personuppgifter, baserat p\u00e5 anst\u00e4llningsavtal. I marknadskommunikation anv\u00e4nder vi \u00e4ven riktade marknadsf\u00f6ringsregister som tillhandah\u00e5lls av v\u00e5ra partners.<\/p>\n<h2 class=\"p2\">ANV\u00c4NDNING AV PERSONUPPGIFTER F\u00d6R AUTOMATISKT BESLUTSFATTANDE, INKLUSIVE PROFILERING<\/h2>\n<p>Vi kommer inte att anv\u00e4nda dina personuppgifter f\u00f6r automatiskt beslutsfattande eller profilering.<\/p>\n","protected":false},"excerpt":{"rendered":"<p>Integritetspolicy ALLM\u00c4NT Loihe Oy erbjuder den b\u00e4sta, h\u00e5llbara kvaliteten inom aff\u00e4rsg\u00e5vor och f\u00f6retagstextilindustrin med modern standard. F\u00f6r att uppn\u00e5 detta samlar vi in \u200b\u200boch behandlar noggrant definierade personuppgifter relaterade till v\u00e5ra kunder, leverant\u00f6rer, personal, ekonomiadministration, publicitet och marknadsf\u00f6ring. Vi v\u00e4gleds av v\u00e5ra standarder f\u00f6r h\u00e5llbarhet i hanteringen av personuppgifter. Vi s\u00e4kerst\u00e4ller att personuppgifterna i v\u00e5r [&#8230;]\n","protected":false},"author":58,"featured_media":0,"parent":0,"menu_order":0,"comment_status":"closed","ping_status":"closed","template":"","meta":[],"yoast_head":"<!-- This site is optimized with the Yoast SEO plugin v16.2 - https:\/\/yoast.com\/wordpress\/plugins\/seo\/ -->\n<title>Integritetspolicy - L\u00e4nnen Webshop<\/title>\n<meta name=\"robots\" content=\"index, follow, max-snippet:-1, max-image-preview:large, max-video-preview:-1\" \/>\n<link rel=\"canonical\" href=\"https:\/\/lannen.brandproductstore.fi\/sv\/integritetspolicy\/\" \/>\n<meta property=\"og:locale\" content=\"sv_SE\" \/>\n<meta property=\"og:type\" content=\"article\" \/>\n<meta property=\"og:title\" content=\"Integritetspolicy - L\u00e4nnen Webshop\" \/>\n<meta property=\"og:description\" content=\"Integritetspolicy ALLM\u00c4NT Loihe Oy erbjuder den b\u00e4sta, h\u00e5llbara kvaliteten inom aff\u00e4rsg\u00e5vor och f\u00f6retagstextilindustrin med modern standard. F\u00f6r att uppn\u00e5 detta samlar vi in \u200b\u200boch behandlar noggrant definierade personuppgifter relaterade till v\u00e5ra kunder, leverant\u00f6rer, personal, ekonomiadministration, publicitet och marknadsf\u00f6ring. Vi v\u00e4gleds av v\u00e5ra standarder f\u00f6r h\u00e5llbarhet i hanteringen av personuppgifter. Vi s\u00e4kerst\u00e4ller att personuppgifterna i v\u00e5r [...]\" \/>\n<meta property=\"og:url\" content=\"https:\/\/lannen.brandproductstore.fi\/sv\/integritetspolicy\/\" \/>\n<meta property=\"og:site_name\" content=\"L\u00e4nnen Webshop\" \/>\n<meta property=\"article:modified_time\" content=\"2024-03-04T07:46:40+00:00\" \/>\n<meta name=\"twitter:card\" content=\"summary_large_image\" \/>\n<meta name=\"twitter:label1\" content=\"Est. reading time\">\n\t<meta name=\"twitter:data1\" content=\"4 minutes\">\n<script type=\"application\/ld+json\" class=\"yoast-schema-graph\">{\"@context\":\"https:\/\/schema.org\",\"@graph\":[{\"@type\":\"WebSite\",\"@id\":\"https:\/\/lannen.brandproductstore.fi\/sv\/#website\",\"url\":\"https:\/\/lannen.brandproductstore.fi\/sv\/\",\"name\":\"L\\u00e4nnen Webshop\",\"description\":\"\",\"potentialAction\":[{\"@type\":\"SearchAction\",\"target\":\"https:\/\/lannen.brandproductstore.fi\/sv\/?s={search_term_string}\",\"query-input\":\"required name=search_term_string\"}],\"inLanguage\":\"sv-SE\"},{\"@type\":\"WebPage\",\"@id\":\"https:\/\/lannen.brandproductstore.fi\/sv\/integritetspolicy\/#webpage\",\"url\":\"https:\/\/lannen.brandproductstore.fi\/sv\/integritetspolicy\/\",\"name\":\"Integritetspolicy - L\\u00e4nnen Webshop\",\"isPartOf\":{\"@id\":\"https:\/\/lannen.brandproductstore.fi\/sv\/#website\"},\"datePublished\":\"2021-02-09T19:10:58+00:00\",\"dateModified\":\"2024-03-04T07:46:40+00:00\",\"breadcrumb\":{\"@id\":\"https:\/\/lannen.brandproductstore.fi\/sv\/integritetspolicy\/#breadcrumb\"},\"inLanguage\":\"sv-SE\",\"potentialAction\":[{\"@type\":\"ReadAction\",\"target\":[\"https:\/\/lannen.brandproductstore.fi\/sv\/integritetspolicy\/\"]}]},{\"@type\":\"BreadcrumbList\",\"@id\":\"https:\/\/lannen.brandproductstore.fi\/sv\/integritetspolicy\/#breadcrumb\",\"itemListElement\":[{\"@type\":\"ListItem\",\"position\":1,\"item\":{\"@type\":\"WebPage\",\"@id\":\"https:\/\/lannen.brandproductstore.fi\/sv\/produkter\/\",\"url\":\"https:\/\/lannen.brandproductstore.fi\/sv\/produkter\/\",\"name\":\"Home\"}},{\"@type\":\"ListItem\",\"position\":2,\"item\":{\"@id\":\"https:\/\/lannen.brandproductstore.fi\/sv\/integritetspolicy\/#webpage\"}}]}]}<\/script>\n<!-- \/ Yoast SEO plugin. -->","_links":{"self":[{"href":"https:\/\/lannen.brandproductstore.fi\/sv\/wp-json\/wp\/v2\/pages\/5343"}],"collection":[{"href":"https:\/\/lannen.brandproductstore.fi\/sv\/wp-json\/wp\/v2\/pages"}],"about":[{"href":"https:\/\/lannen.brandproductstore.fi\/sv\/wp-json\/wp\/v2\/types\/page"}],"author":[{"embeddable":true,"href":"https:\/\/lannen.brandproductstore.fi\/sv\/wp-json\/wp\/v2\/users\/58"}],"replies":[{"embeddable":true,"href":"https:\/\/lannen.brandproductstore.fi\/sv\/wp-json\/wp\/v2\/comments?post=5343"}],"version-history":[{"count":4,"href":"https:\/\/lannen.brandproductstore.fi\/sv\/wp-json\/wp\/v2\/pages\/5343\/revisions"}],"predecessor-version":[{"id":5364,"href":"https:\/\/lannen.brandproductstore.fi\/sv\/wp-json\/wp\/v2\/pages\/5343\/revisions\/5364"}],"wp:attachment":[{"href":"https:\/\/lannen.brandproductstore.fi\/sv\/wp-json\/wp\/v2\/media?parent=5343"}],"curies":[{"name":"wp","href":"https:\/\/api.w.org\/{rel}","templated":true}]}}