{"id":5347,"date":"2023-07-12T15:34:52","date_gmt":"2023-07-12T13:34:52","guid":{"rendered":"https:\/\/lannen.brandproductstore.fi\/?page_id=5347"},"modified":"2024-04-11T14:07:52","modified_gmt":"2024-04-11T12:07:52","slug":"leveransvillkor","status":"publish","type":"page","link":"https:\/\/lannen.brandproductstore.fi\/sv\/leveransvillkor\/","title":{"rendered":"Leveransvillkor"},"content":{"rendered":"<h3>Leveransvillkor<\/h3>\n<p>Produkterna levereras som ett postpaket. Konsumentbest\u00e4llningar skickas till n\u00e4rmaste m\u00f6jliga utl\u00e4mningsst\u00e4lle baserat p\u00e5 angiven leveransadress. Paket f\u00f6r registrerade f\u00f6retagskunder levereras till angiven leveransadress. Leveranstiden \u00e4r ca 2 veckor. Vi ansvarar inte f\u00f6r leveransf\u00f6rseningar orsakade av tredje part.<\/p>\n<h3>Betalningsvillkor<\/h3>\n<p>V\u00e5r \u00f6ppna webbutik anv\u00e4nder betalningssystemet Klarna Checkout.<\/p>\n<p>De betalningsalternativ som Klarna erbjuder konsumenter \u00e4r:<br \/>\n\u2022 faktura<br \/>\n\u2022 avbetalning (Klarna-konto)<br \/>\n\u2022 kortbetalning<br \/>\n\u2022 internetbankbetalning<br \/>\n\u2022 MobilePay.<\/p>\n<p>Om du vill veta mer om betalningsalternativen, se den aktuella informationen h\u00e4r: <a href=\"https:\/\/www.klarna.com\/se\/\" target=\"_blank\" rel=\"noopener\">https:\/\/www.klarna.com\/se\/<\/a><\/p>\n<p>Registrerade f\u00f6retagsanv\u00e4ndare betalar mot faktura.<\/p>\n<h3>Leveranskostnader och priser<\/h3>\n<p>Portokostnader p\u00e5 15 euro i Finland eller 20 euro i Sverige l\u00e4ggs till det totala beloppet f\u00f6r best\u00e4llningen. Priserna p\u00e5 den \u00f6ppna n\u00e4tbutiken inkluderar moms p\u00e5 24% i Finland eller 25% i Sverige. F\u00f6r registrerade f\u00f6retagsanv\u00e4ndare visas priserna utan merv\u00e4rdesskatt (moms 0%).<\/p>\n<p>Avh\u00e4mtning fr\u00e5n Loihe&#8217;s lager i Kokkola \u00e4r gratis (Yritt\u00e4j\u00e4ntie 6, 67100 KOKKOLA, FINLAND).<\/p>\n<h3>Retur- och bytespolicy<\/h3>\n<p>Oanv\u00e4nda produkter har 14 dagars bytes- och returr\u00e4tt. \u00c5ngerr\u00e4tten b\u00f6rjar g\u00e4lla fr\u00e5n den dag kunden tagit emot varan. Produkter som ska bytas eller returneras m\u00e5ste vara i nyskick. Kunden ansvarar sj\u00e4lv f\u00f6r returporto. I fr\u00e5gor om byte och retur ber vi konsumentkunder att kontakta v\u00e5r kundtj\u00e4nst p\u00e5 myynti@loihe.fi. Skicka inte produkterna f\u00f6rr\u00e4n du har kontaktat v\u00e5r kundtj\u00e4nst och f\u00e5tt anvisningar.<\/p>\n<p>Registrerade f\u00f6retagskunder: kontakta information@lannen.com f\u00f6r bytes- och retur\u00e4renden.<\/p>\n<h3>Klagom\u00e5l och kundservice<\/h3>\n<p>Vid problem relaterade till webbutik eller produkter, v\u00e4nligen kontakta v\u00e5r kundtj\u00e4nst via e-post eller genom att ringa:<\/p>\n<p>myynti@loihe.fi<br \/>\nTel. +358 10 419 6500<\/p>\n<p>F\u00f6r att reklamera en produkt observera att:<br \/>\n\u2022 Felet ska rapporteras inom rimlig tid efter att du uppt\u00e4ckt felet.<br \/>\n\u2022 Reklamationsr\u00e4tten inneb\u00e4r att du som kund kan g\u00f6ra en reklamation p\u00e5 fel eller brister i din best\u00e4llning.<br \/>\n\u2022 Detta g\u00e4ller inte situationer d\u00e4r fel eller defekter i produkten har uppst\u00e5tt p\u00e5 grund av felaktig anv\u00e4ndning eller tv\u00e4tt.<br \/>\n\u2022 Vi ers\u00e4tter alla kostnader som uppst\u00e5r f\u00f6r att returnera produkten om de \u00e4r rimliga och om sk\u00e4len f\u00f6r returen \u00e4r motiverade.<br \/>\n\u2022 Skicka inte produkter innan du har kontaktat v\u00e5r kundtj\u00e4nst och f\u00e5tt anvisningar. Vi ansvarar inte f\u00f6r de kostnader som kan uppst\u00e5 vid returen, om returen har skett i strid med givna instruktioner.<\/p>\n<h3>Integritet och dataskydd<\/h3>\n<p>Webbutikens administrat\u00f6r ansvarar f\u00f6r korrekt behandling av personuppgifter. Under inga omst\u00e4ndigheter kommer personuppgifter att l\u00e4mnas ut eller s\u00e4ljas till tredje part, s\u00e5vida det inte \u00e4r en juridisk fr\u00e5ga.<\/p>\n<p>Du har r\u00e4tt att kontrollera dina personuppgifter genom att kontakta kundtj\u00e4nst. Vi f\u00f6ljer den finska personuppgiftslagen. Du kan l\u00e4sa v\u00e5r integritetspolicy <a href=\"https:\/\/lannen.brandproductstore.fi\/sv\/integritetspolicy\/\">h\u00e4r<\/a>.<\/p>\n<h3>Webbutikens administrat\u00f6r<\/h3>\n<p>Loihe Oy<br \/>\nFO-nummer 2772080-9<\/p>\n<p>Yritt\u00e4j\u00e4ntie 6<br \/>\n67100 Kokkola<br \/>\nFinland<\/p>\n<p>Telefon: +358 10 419 6500<\/p>\n<p>\u00d6ppettider M\u00e5n-Fre 8:00-16:00 (GMT +2)<\/p>\n<p>Kundservice <strong>myynti@loihe.fi<\/strong><\/p>\n","protected":false},"excerpt":{"rendered":"<p>Leveransvillkor Produkterna levereras som ett postpaket. Konsumentbest\u00e4llningar skickas till n\u00e4rmaste m\u00f6jliga utl\u00e4mningsst\u00e4lle baserat p\u00e5 angiven leveransadress. Paket f\u00f6r registrerade f\u00f6retagskunder levereras till angiven leveransadress. Leveranstiden \u00e4r ca 2 veckor. Vi ansvarar inte f\u00f6r leveransf\u00f6rseningar orsakade av tredje part. Betalningsvillkor V\u00e5r \u00f6ppna webbutik anv\u00e4nder betalningssystemet Klarna Checkout. De betalningsalternativ som Klarna erbjuder konsumenter \u00e4r: \u2022 faktura [&#8230;]\n","protected":false},"author":58,"featured_media":0,"parent":0,"menu_order":0,"comment_status":"closed","ping_status":"closed","template":"","meta":[],"yoast_head":"<!-- This site is optimized with the Yoast SEO plugin v16.2 - https:\/\/yoast.com\/wordpress\/plugins\/seo\/ -->\n<title>Leveransvillkor - L\u00e4nnen Webshop<\/title>\n<meta name=\"robots\" content=\"index, follow, max-snippet:-1, max-image-preview:large, max-video-preview:-1\" \/>\n<link rel=\"canonical\" href=\"https:\/\/lannen.brandproductstore.fi\/sv\/leveransvillkor\/\" \/>\n<meta property=\"og:locale\" content=\"sv_SE\" \/>\n<meta property=\"og:type\" content=\"article\" \/>\n<meta property=\"og:title\" content=\"Leveransvillkor - L\u00e4nnen Webshop\" \/>\n<meta property=\"og:description\" content=\"Leveransvillkor Produkterna levereras som ett postpaket. Konsumentbest\u00e4llningar skickas till n\u00e4rmaste m\u00f6jliga utl\u00e4mningsst\u00e4lle baserat p\u00e5 angiven leveransadress. Paket f\u00f6r registrerade f\u00f6retagskunder levereras till angiven leveransadress. Leveranstiden \u00e4r ca 2 veckor. Vi ansvarar inte f\u00f6r leveransf\u00f6rseningar orsakade av tredje part. Betalningsvillkor V\u00e5r \u00f6ppna webbutik anv\u00e4nder betalningssystemet Klarna Checkout. De betalningsalternativ som Klarna erbjuder konsumenter \u00e4r: \u2022 faktura [...]\" \/>\n<meta property=\"og:url\" content=\"https:\/\/lannen.brandproductstore.fi\/sv\/leveransvillkor\/\" \/>\n<meta property=\"og:site_name\" content=\"L\u00e4nnen Webshop\" \/>\n<meta property=\"article:modified_time\" content=\"2024-04-11T12:07:52+00:00\" \/>\n<meta name=\"twitter:card\" content=\"summary_large_image\" \/>\n<meta name=\"twitter:label1\" content=\"Est. reading time\">\n\t<meta name=\"twitter:data1\" content=\"2 minutes\">\n<script type=\"application\/ld+json\" class=\"yoast-schema-graph\">{\"@context\":\"https:\/\/schema.org\",\"@graph\":[{\"@type\":\"WebSite\",\"@id\":\"https:\/\/lannen.brandproductstore.fi\/sv\/#website\",\"url\":\"https:\/\/lannen.brandproductstore.fi\/sv\/\",\"name\":\"L\\u00e4nnen Webshop\",\"description\":\"\",\"potentialAction\":[{\"@type\":\"SearchAction\",\"target\":\"https:\/\/lannen.brandproductstore.fi\/sv\/?s={search_term_string}\",\"query-input\":\"required name=search_term_string\"}],\"inLanguage\":\"sv-SE\"},{\"@type\":\"WebPage\",\"@id\":\"https:\/\/lannen.brandproductstore.fi\/sv\/leveransvillkor\/#webpage\",\"url\":\"https:\/\/lannen.brandproductstore.fi\/sv\/leveransvillkor\/\",\"name\":\"Leveransvillkor - L\\u00e4nnen Webshop\",\"isPartOf\":{\"@id\":\"https:\/\/lannen.brandproductstore.fi\/sv\/#website\"},\"datePublished\":\"2023-07-12T13:34:52+00:00\",\"dateModified\":\"2024-04-11T12:07:52+00:00\",\"breadcrumb\":{\"@id\":\"https:\/\/lannen.brandproductstore.fi\/sv\/leveransvillkor\/#breadcrumb\"},\"inLanguage\":\"sv-SE\",\"potentialAction\":[{\"@type\":\"ReadAction\",\"target\":[\"https:\/\/lannen.brandproductstore.fi\/sv\/leveransvillkor\/\"]}]},{\"@type\":\"BreadcrumbList\",\"@id\":\"https:\/\/lannen.brandproductstore.fi\/sv\/leveransvillkor\/#breadcrumb\",\"itemListElement\":[{\"@type\":\"ListItem\",\"position\":1,\"item\":{\"@type\":\"WebPage\",\"@id\":\"https:\/\/lannen.brandproductstore.fi\/sv\/produkter\/\",\"url\":\"https:\/\/lannen.brandproductstore.fi\/sv\/produkter\/\",\"name\":\"Home\"}},{\"@type\":\"ListItem\",\"position\":2,\"item\":{\"@id\":\"https:\/\/lannen.brandproductstore.fi\/sv\/leveransvillkor\/#webpage\"}}]}]}<\/script>\n<!-- \/ Yoast SEO plugin. -->","_links":{"self":[{"href":"https:\/\/lannen.brandproductstore.fi\/sv\/wp-json\/wp\/v2\/pages\/5347"}],"collection":[{"href":"https:\/\/lannen.brandproductstore.fi\/sv\/wp-json\/wp\/v2\/pages"}],"about":[{"href":"https:\/\/lannen.brandproductstore.fi\/sv\/wp-json\/wp\/v2\/types\/page"}],"author":[{"embeddable":true,"href":"https:\/\/lannen.brandproductstore.fi\/sv\/wp-json\/wp\/v2\/users\/58"}],"replies":[{"embeddable":true,"href":"https:\/\/lannen.brandproductstore.fi\/sv\/wp-json\/wp\/v2\/comments?post=5347"}],"version-history":[{"count":7,"href":"https:\/\/lannen.brandproductstore.fi\/sv\/wp-json\/wp\/v2\/pages\/5347\/revisions"}],"predecessor-version":[{"id":6136,"href":"https:\/\/lannen.brandproductstore.fi\/sv\/wp-json\/wp\/v2\/pages\/5347\/revisions\/6136"}],"wp:attachment":[{"href":"https:\/\/lannen.brandproductstore.fi\/sv\/wp-json\/wp\/v2\/media?parent=5347"}],"curies":[{"name":"wp","href":"https:\/\/api.w.org\/{rel}","templated":true}]}}