{"id":5429,"date":"2024-01-29T07:42:26","date_gmt":"2024-01-29T05:42:26","guid":{"rendered":"https:\/\/lannen.brandproductstore.fi\/?post_type=product&#038;p=5429"},"modified":"2024-04-02T15:34:29","modified_gmt":"2024-04-02T13:34:29","slug":"lundberg-mossa-v","status":"publish","type":"product","link":"https:\/\/lannen.brandproductstore.fi\/sv\/produkt\/lundberg-mossa-v\/","title":{"rendered":"Lundberg M\u00f6ssa (V)"},"content":{"rendered":"<p>H\u00e4rlig, tjock och varm PETIKKO-m\u00f6ssa tillverkad i Finland.<\/p>\n<p>Den dubbelsidiga m\u00f6ssan \u00e4r ribbstickad, vilket g\u00f6r den stretchig och flexibel. Denna m\u00f6ssan passar lika bra f\u00f6r en skogspromenad som f\u00f6r en stadspromenad.<\/p>\n<p>Produkten har nyckelflaggan -symbol.<\/p>\n<p>Endast mild handtv\u00e4tt till\u00e5ten, max 40 \u00b0C. Blekning f\u00f6rbjuden, tomtorkning f\u00f6rbjuden, strykning f\u00f6rbjuden, kemtv\u00e4tt f\u00f6rbjuden.<\/p>\n<p>Plan torkning.<\/p>\n","protected":false},"excerpt":{"rendered":"<p><strong>Material<\/strong>: 50% merinoull \/ 50% akryl<br \/>\n<strong>F\u00e4rg<\/strong>: gul och svart<br \/>\n<strong>Broderad Lundberg loggan.<\/strong><\/p>\n","protected":false},"featured_media":5313,"comment_status":"open","ping_status":"closed","template":"","meta":[],"wcpa_form_fields":null,"yoast_head":"<!-- This site is optimized with the Yoast SEO plugin v16.2 - https:\/\/yoast.com\/wordpress\/plugins\/seo\/ -->\n<title>Lundberg M\u00f6ssa (V) - L\u00e4nnen Webshop<\/title>\n<meta name=\"robots\" content=\"index, follow, max-snippet:-1, max-image-preview:large, max-video-preview:-1\" \/>\n<link rel=\"canonical\" href=\"https:\/\/lannen.brandproductstore.fi\/sv\/produkt\/lundberg-mossa-v\/\" \/>\n<meta property=\"og:locale\" content=\"sv_SE\" \/>\n<meta property=\"og:type\" content=\"article\" \/>\n<meta property=\"og:title\" content=\"Lundberg M\u00f6ssa (V) - L\u00e4nnen Webshop\" \/>\n<meta property=\"og:description\" content=\"Material: 50% merinoull \/ 50% akryl F\u00e4rg: gul och svart Broderad Lundberg loggan.\" \/>\n<meta property=\"og:url\" content=\"https:\/\/lannen.brandproductstore.fi\/sv\/produkt\/lundberg-mossa-v\/\" \/>\n<meta property=\"og:site_name\" content=\"L\u00e4nnen Webshop\" \/>\n<meta property=\"article:modified_time\" content=\"2024-04-02T13:34:29+00:00\" \/>\n<meta property=\"og:image\" content=\"https:\/\/lannen.brandproductstore.fi\/wp-content\/uploads\/2024\/01\/Lundberg_PETIKKO_pipo_keltainen-1.jpg\" \/>\n\t<meta property=\"og:image:width\" content=\"600\" \/>\n\t<meta property=\"og:image:height\" content=\"601\" \/>\n<meta name=\"twitter:card\" content=\"summary_large_image\" \/>\n<meta name=\"twitter:label1\" content=\"Est. reading time\">\n\t<meta name=\"twitter:data1\" content=\"1 minute\">\n<script type=\"application\/ld+json\" class=\"yoast-schema-graph\">{\"@context\":\"https:\/\/schema.org\",\"@graph\":[{\"@type\":\"WebSite\",\"@id\":\"https:\/\/lannen.brandproductstore.fi\/sv\/#website\",\"url\":\"https:\/\/lannen.brandproductstore.fi\/sv\/\",\"name\":\"L\\u00e4nnen Webshop\",\"description\":\"\",\"potentialAction\":[{\"@type\":\"SearchAction\",\"target\":\"https:\/\/lannen.brandproductstore.fi\/sv\/?s={search_term_string}\",\"query-input\":\"required name=search_term_string\"}],\"inLanguage\":\"sv-SE\"},{\"@type\":\"ImageObject\",\"@id\":\"https:\/\/lannen.brandproductstore.fi\/sv\/produkt\/lundberg-mossa-v\/#primaryimage\",\"inLanguage\":\"sv-SE\",\"url\":\"https:\/\/lannen.brandproductstore.fi\/wp-content\/uploads\/2024\/01\/Lundberg_PETIKKO_pipo_keltainen-1.jpg\",\"contentUrl\":\"https:\/\/lannen.brandproductstore.fi\/wp-content\/uploads\/2024\/01\/Lundberg_PETIKKO_pipo_keltainen-1.jpg\",\"width\":600,\"height\":601},{\"@type\":\"WebPage\",\"@id\":\"https:\/\/lannen.brandproductstore.fi\/sv\/produkt\/lundberg-mossa-v\/#webpage\",\"url\":\"https:\/\/lannen.brandproductstore.fi\/sv\/produkt\/lundberg-mossa-v\/\",\"name\":\"Lundberg M\\u00f6ssa (V) - L\\u00e4nnen Webshop\",\"isPartOf\":{\"@id\":\"https:\/\/lannen.brandproductstore.fi\/sv\/#website\"},\"primaryImageOfPage\":{\"@id\":\"https:\/\/lannen.brandproductstore.fi\/sv\/produkt\/lundberg-mossa-v\/#primaryimage\"},\"datePublished\":\"2024-01-29T05:42:26+00:00\",\"dateModified\":\"2024-04-02T13:34:29+00:00\",\"breadcrumb\":{\"@id\":\"https:\/\/lannen.brandproductstore.fi\/sv\/produkt\/lundberg-mossa-v\/#breadcrumb\"},\"inLanguage\":\"sv-SE\",\"potentialAction\":[{\"@type\":\"ReadAction\",\"target\":[\"https:\/\/lannen.brandproductstore.fi\/sv\/produkt\/lundberg-mossa-v\/\"]}]},{\"@type\":\"BreadcrumbList\",\"@id\":\"https:\/\/lannen.brandproductstore.fi\/sv\/produkt\/lundberg-mossa-v\/#breadcrumb\",\"itemListElement\":[{\"@type\":\"ListItem\",\"position\":1,\"item\":{\"@type\":\"WebPage\",\"@id\":\"https:\/\/lannen.brandproductstore.fi\/sv\/produkter\/\",\"url\":\"https:\/\/lannen.brandproductstore.fi\/sv\/produkter\/\",\"name\":\"Home\"}},{\"@type\":\"ListItem\",\"position\":2,\"item\":{\"@type\":\"WebPage\",\"@id\":\"https:\/\/lannen.brandproductstore.fi\/sv\/produkter\/\",\"url\":\"https:\/\/lannen.brandproductstore.fi\/sv\/produkter\/\",\"name\":\"Produkter\"}},{\"@type\":\"ListItem\",\"position\":3,\"item\":{\"@id\":\"https:\/\/lannen.brandproductstore.fi\/sv\/produkt\/lundberg-mossa-v\/#webpage\"}}]}]}<\/script>\n<!-- \/ Yoast SEO plugin. -->","_links":{"self":[{"href":"https:\/\/lannen.brandproductstore.fi\/sv\/wp-json\/wp\/v2\/product\/5429"}],"collection":[{"href":"https:\/\/lannen.brandproductstore.fi\/sv\/wp-json\/wp\/v2\/product"}],"about":[{"href":"https:\/\/lannen.brandproductstore.fi\/sv\/wp-json\/wp\/v2\/types\/product"}],"replies":[{"embeddable":true,"href":"https:\/\/lannen.brandproductstore.fi\/sv\/wp-json\/wp\/v2\/comments?post=5429"}],"wp:featuredmedia":[{"embeddable":true,"href":"https:\/\/lannen.brandproductstore.fi\/sv\/wp-json\/wp\/v2\/media\/5313"}],"wp:attachment":[{"href":"https:\/\/lannen.brandproductstore.fi\/sv\/wp-json\/wp\/v2\/media?parent=5429"}],"curies":[{"name":"wp","href":"https:\/\/api.w.org\/{rel}","templated":true}]}}