{"id":5600,"date":"2024-01-29T09:25:37","date_gmt":"2024-01-29T07:25:37","guid":{"rendered":"https:\/\/lannen.brandproductstore.fi\/?post_type=product&#038;p=5600"},"modified":"2024-04-02T16:55:28","modified_gmt":"2024-04-02T14:55:28","slug":"lundberg-huvtroja-med-logga-dam-v","status":"publish","type":"product","link":"https:\/\/lannen.brandproductstore.fi\/sv\/produkt\/lundberg-huvtroja-med-logga-dam-v\/","title":{"rendered":"Lundberg Huvtr\u00f6ja med Logga Dam (V)"},"content":{"rendered":"<p>Damens munkjacka med borstad mjuk insida. Dubbel tyg i huven. Framficka samt 2&#215;2 ribbstickning i \u00e4rmsluten och nederkanten.<\/p>\n<p>Material: 80 % Fairtrade-ekologisk bomull \/ 20 % \u00e5tervunnen polyester.<\/p>\n","protected":false},"excerpt":{"rendered":"<p><strong>Material<\/strong>: 80 % ekologisk bomull fr\u00e5n Fairtrade \/ 20 % \u00e5tervunnen polyester<br \/>\n<strong>Storlekar<\/strong>: XS-XXL<br \/>\n<strong>F\u00e4rg<\/strong>: gul och svart<br \/>\n<strong>Tryckt Lundberg loggan p\u00e5 br\u00f6stet<\/strong><\/p>\n","protected":false},"featured_media":5325,"comment_status":"open","ping_status":"closed","template":"","meta":[],"wcpa_form_fields":null,"yoast_head":"<!-- This site is optimized with the Yoast SEO plugin v16.2 - https:\/\/yoast.com\/wordpress\/plugins\/seo\/ -->\n<title>Lundberg Huvtr\u00f6ja med Logga Dam (V) - L\u00e4nnen Webshop<\/title>\n<meta name=\"robots\" content=\"index, follow, max-snippet:-1, max-image-preview:large, max-video-preview:-1\" \/>\n<link rel=\"canonical\" href=\"https:\/\/lannen.brandproductstore.fi\/sv\/produkt\/lundberg-huvtroja-med-logga-dam-v\/\" \/>\n<meta property=\"og:locale\" content=\"sv_SE\" \/>\n<meta property=\"og:type\" content=\"article\" \/>\n<meta property=\"og:title\" content=\"Lundberg Huvtr\u00f6ja med Logga Dam (V) - L\u00e4nnen Webshop\" \/>\n<meta property=\"og:description\" content=\"Material: 80 % ekologisk bomull fr\u00e5n Fairtrade \/ 20 % \u00e5tervunnen polyester Storlekar: XS-XXL F\u00e4rg: gul och svart Tryckt Lundberg loggan p\u00e5 br\u00f6stet\" \/>\n<meta property=\"og:url\" content=\"https:\/\/lannen.brandproductstore.fi\/sv\/produkt\/lundberg-huvtroja-med-logga-dam-v\/\" \/>\n<meta property=\"og:site_name\" content=\"L\u00e4nnen Webshop\" \/>\n<meta property=\"article:modified_time\" content=\"2024-04-02T14:55:28+00:00\" \/>\n<meta property=\"og:image\" content=\"https:\/\/lannen.brandproductstore.fi\/wp-content\/uploads\/2024\/01\/Lundberg_COTTOVER_huppari_keltainen_naisten.jpg\" \/>\n\t<meta property=\"og:image:width\" content=\"600\" \/>\n\t<meta property=\"og:image:height\" content=\"600\" \/>\n<meta name=\"twitter:card\" content=\"summary_large_image\" \/>\n<meta name=\"twitter:label1\" content=\"Est. reading time\">\n\t<meta name=\"twitter:data1\" content=\"1 minute\">\n<script type=\"application\/ld+json\" class=\"yoast-schema-graph\">{\"@context\":\"https:\/\/schema.org\",\"@graph\":[{\"@type\":\"WebSite\",\"@id\":\"https:\/\/lannen.brandproductstore.fi\/sv\/#website\",\"url\":\"https:\/\/lannen.brandproductstore.fi\/sv\/\",\"name\":\"L\\u00e4nnen Webshop\",\"description\":\"\",\"potentialAction\":[{\"@type\":\"SearchAction\",\"target\":\"https:\/\/lannen.brandproductstore.fi\/sv\/?s={search_term_string}\",\"query-input\":\"required name=search_term_string\"}],\"inLanguage\":\"sv-SE\"},{\"@type\":\"ImageObject\",\"@id\":\"https:\/\/lannen.brandproductstore.fi\/sv\/produkt\/lundberg-huvtroja-med-logga-dam-v\/#primaryimage\",\"inLanguage\":\"sv-SE\",\"url\":\"https:\/\/lannen.brandproductstore.fi\/wp-content\/uploads\/2024\/01\/Lundberg_COTTOVER_huppari_keltainen_naisten.jpg\",\"contentUrl\":\"https:\/\/lannen.brandproductstore.fi\/wp-content\/uploads\/2024\/01\/Lundberg_COTTOVER_huppari_keltainen_naisten.jpg\",\"width\":600,\"height\":600},{\"@type\":\"WebPage\",\"@id\":\"https:\/\/lannen.brandproductstore.fi\/sv\/produkt\/lundberg-huvtroja-med-logga-dam-v\/#webpage\",\"url\":\"https:\/\/lannen.brandproductstore.fi\/sv\/produkt\/lundberg-huvtroja-med-logga-dam-v\/\",\"name\":\"Lundberg Huvtr\\u00f6ja med Logga Dam (V) - L\\u00e4nnen Webshop\",\"isPartOf\":{\"@id\":\"https:\/\/lannen.brandproductstore.fi\/sv\/#website\"},\"primaryImageOfPage\":{\"@id\":\"https:\/\/lannen.brandproductstore.fi\/sv\/produkt\/lundberg-huvtroja-med-logga-dam-v\/#primaryimage\"},\"datePublished\":\"2024-01-29T07:25:37+00:00\",\"dateModified\":\"2024-04-02T14:55:28+00:00\",\"breadcrumb\":{\"@id\":\"https:\/\/lannen.brandproductstore.fi\/sv\/produkt\/lundberg-huvtroja-med-logga-dam-v\/#breadcrumb\"},\"inLanguage\":\"sv-SE\",\"potentialAction\":[{\"@type\":\"ReadAction\",\"target\":[\"https:\/\/lannen.brandproductstore.fi\/sv\/produkt\/lundberg-huvtroja-med-logga-dam-v\/\"]}]},{\"@type\":\"BreadcrumbList\",\"@id\":\"https:\/\/lannen.brandproductstore.fi\/sv\/produkt\/lundberg-huvtroja-med-logga-dam-v\/#breadcrumb\",\"itemListElement\":[{\"@type\":\"ListItem\",\"position\":1,\"item\":{\"@type\":\"WebPage\",\"@id\":\"https:\/\/lannen.brandproductstore.fi\/sv\/produkter\/\",\"url\":\"https:\/\/lannen.brandproductstore.fi\/sv\/produkter\/\",\"name\":\"Home\"}},{\"@type\":\"ListItem\",\"position\":2,\"item\":{\"@type\":\"WebPage\",\"@id\":\"https:\/\/lannen.brandproductstore.fi\/sv\/produkter\/\",\"url\":\"https:\/\/lannen.brandproductstore.fi\/sv\/produkter\/\",\"name\":\"Produkter\"}},{\"@type\":\"ListItem\",\"position\":3,\"item\":{\"@id\":\"https:\/\/lannen.brandproductstore.fi\/sv\/produkt\/lundberg-huvtroja-med-logga-dam-v\/#webpage\"}}]}]}<\/script>\n<!-- \/ Yoast SEO plugin. -->","_links":{"self":[{"href":"https:\/\/lannen.brandproductstore.fi\/sv\/wp-json\/wp\/v2\/product\/5600"}],"collection":[{"href":"https:\/\/lannen.brandproductstore.fi\/sv\/wp-json\/wp\/v2\/product"}],"about":[{"href":"https:\/\/lannen.brandproductstore.fi\/sv\/wp-json\/wp\/v2\/types\/product"}],"replies":[{"embeddable":true,"href":"https:\/\/lannen.brandproductstore.fi\/sv\/wp-json\/wp\/v2\/comments?post=5600"}],"wp:featuredmedia":[{"embeddable":true,"href":"https:\/\/lannen.brandproductstore.fi\/sv\/wp-json\/wp\/v2\/media\/5325"}],"wp:attachment":[{"href":"https:\/\/lannen.brandproductstore.fi\/sv\/wp-json\/wp\/v2\/media?parent=5600"}],"curies":[{"name":"wp","href":"https:\/\/api.w.org\/{rel}","templated":true}]}}