{"id":5695,"date":"2023-05-07T14:07:00","date_gmt":"2023-05-07T12:07:00","guid":{"rendered":"https:\/\/lannen.brandproductstore.fi\/?post_type=product&#038;p=5695"},"modified":"2024-04-02T17:33:31","modified_gmt":"2024-04-02T15:33:31","slug":"lannen-dunjacka","status":"publish","type":"product","link":"https:\/\/lannen.brandproductstore.fi\/sv\/produkt\/lannen-dunjacka\/","title":{"rendered":"L\u00e4nnen Dunjacka"},"content":{"rendered":"<p>L\u00e4tta jackor f\u00f6r dam och herr av \u00e4kta dun. Dunet som anv\u00e4nds i jackorna \u00e4r RDS-certifierat ansvarsdun (90\/10). Dammodellen med huvan och herrmodellen \u00e4r utan. Sidofickor med dragkedja, formade \u00e4rmar. Justeringsm\u00f6jlighet vid f\u00e5llen och f\u00f6r dam i kanten av huvan.<\/p>\n","protected":false},"excerpt":{"rendered":"<p><strong>Tygmaterial<\/strong> 100% polyamid.<br \/>\n<strong>Herr<\/strong> S-4XL.<br \/>\n<strong>Dam<\/strong> 34-46.<br \/>\n<strong>F\u00e4rg<\/strong>: svart.<br \/>\n<strong>Broderad L\u00e4nnen-logga p\u00e5 br\u00f6stet.<\/strong><\/p>\n","protected":false},"featured_media":5225,"comment_status":"open","ping_status":"closed","template":"","meta":[],"wcpa_form_fields":null,"yoast_head":"<!-- This site is optimized with the Yoast SEO plugin v16.2 - https:\/\/yoast.com\/wordpress\/plugins\/seo\/ -->\n<title>L\u00e4nnen Dunjacka - L\u00e4nnen Webshop<\/title>\n<meta name=\"robots\" content=\"index, follow, max-snippet:-1, max-image-preview:large, max-video-preview:-1\" \/>\n<link rel=\"canonical\" href=\"https:\/\/lannen.brandproductstore.fi\/sv\/produkt\/lannen-dunjacka\/\" \/>\n<meta property=\"og:locale\" content=\"sv_SE\" \/>\n<meta property=\"og:type\" content=\"article\" \/>\n<meta property=\"og:title\" content=\"L\u00e4nnen Dunjacka - L\u00e4nnen Webshop\" \/>\n<meta property=\"og:description\" content=\"Tygmaterial 100% polyamid. Herr S-4XL. Dam 34-46. F\u00e4rg: svart. Broderad L\u00e4nnen-logga p\u00e5 br\u00f6stet.\" \/>\n<meta property=\"og:url\" content=\"https:\/\/lannen.brandproductstore.fi\/sv\/produkt\/lannen-dunjacka\/\" \/>\n<meta property=\"og:site_name\" content=\"L\u00e4nnen Webshop\" \/>\n<meta property=\"article:modified_time\" content=\"2024-04-02T15:33:31+00:00\" \/>\n<meta property=\"og:image\" content=\"https:\/\/lannen.brandproductstore.fi\/wp-content\/uploads\/2023\/05\/TENSON-MANO-KEVYT-UNTUVATAKKI-MIEHET-LANNEN.jpg\" \/>\n\t<meta property=\"og:image:width\" content=\"880\" \/>\n\t<meta property=\"og:image:height\" content=\"1000\" \/>\n<meta name=\"twitter:card\" content=\"summary_large_image\" \/>\n<meta name=\"twitter:label1\" content=\"Est. reading time\">\n\t<meta name=\"twitter:data1\" content=\"1 minute\">\n<script type=\"application\/ld+json\" class=\"yoast-schema-graph\">{\"@context\":\"https:\/\/schema.org\",\"@graph\":[{\"@type\":\"WebSite\",\"@id\":\"https:\/\/lannen.brandproductstore.fi\/sv\/#website\",\"url\":\"https:\/\/lannen.brandproductstore.fi\/sv\/\",\"name\":\"L\\u00e4nnen Webshop\",\"description\":\"\",\"potentialAction\":[{\"@type\":\"SearchAction\",\"target\":\"https:\/\/lannen.brandproductstore.fi\/sv\/?s={search_term_string}\",\"query-input\":\"required name=search_term_string\"}],\"inLanguage\":\"sv-SE\"},{\"@type\":\"ImageObject\",\"@id\":\"https:\/\/lannen.brandproductstore.fi\/sv\/produkt\/lannen-dunjacka\/#primaryimage\",\"inLanguage\":\"sv-SE\",\"url\":\"https:\/\/lannen.brandproductstore.fi\/wp-content\/uploads\/2023\/05\/TENSON-MANO-KEVYT-UNTUVATAKKI-MIEHET-LANNEN.jpg\",\"contentUrl\":\"https:\/\/lannen.brandproductstore.fi\/wp-content\/uploads\/2023\/05\/TENSON-MANO-KEVYT-UNTUVATAKKI-MIEHET-LANNEN.jpg\",\"width\":880,\"height\":1000},{\"@type\":\"WebPage\",\"@id\":\"https:\/\/lannen.brandproductstore.fi\/sv\/produkt\/lannen-dunjacka\/#webpage\",\"url\":\"https:\/\/lannen.brandproductstore.fi\/sv\/produkt\/lannen-dunjacka\/\",\"name\":\"L\\u00e4nnen Dunjacka - L\\u00e4nnen Webshop\",\"isPartOf\":{\"@id\":\"https:\/\/lannen.brandproductstore.fi\/sv\/#website\"},\"primaryImageOfPage\":{\"@id\":\"https:\/\/lannen.brandproductstore.fi\/sv\/produkt\/lannen-dunjacka\/#primaryimage\"},\"datePublished\":\"2023-05-07T12:07:00+00:00\",\"dateModified\":\"2024-04-02T15:33:31+00:00\",\"breadcrumb\":{\"@id\":\"https:\/\/lannen.brandproductstore.fi\/sv\/produkt\/lannen-dunjacka\/#breadcrumb\"},\"inLanguage\":\"sv-SE\",\"potentialAction\":[{\"@type\":\"ReadAction\",\"target\":[\"https:\/\/lannen.brandproductstore.fi\/sv\/produkt\/lannen-dunjacka\/\"]}]},{\"@type\":\"BreadcrumbList\",\"@id\":\"https:\/\/lannen.brandproductstore.fi\/sv\/produkt\/lannen-dunjacka\/#breadcrumb\",\"itemListElement\":[{\"@type\":\"ListItem\",\"position\":1,\"item\":{\"@type\":\"WebPage\",\"@id\":\"https:\/\/lannen.brandproductstore.fi\/sv\/produkter\/\",\"url\":\"https:\/\/lannen.brandproductstore.fi\/sv\/produkter\/\",\"name\":\"Home\"}},{\"@type\":\"ListItem\",\"position\":2,\"item\":{\"@type\":\"WebPage\",\"@id\":\"https:\/\/lannen.brandproductstore.fi\/sv\/produkter\/\",\"url\":\"https:\/\/lannen.brandproductstore.fi\/sv\/produkter\/\",\"name\":\"Produkter\"}},{\"@type\":\"ListItem\",\"position\":3,\"item\":{\"@id\":\"https:\/\/lannen.brandproductstore.fi\/sv\/produkt\/lannen-dunjacka\/#webpage\"}}]}]}<\/script>\n<!-- \/ Yoast SEO plugin. -->","_links":{"self":[{"href":"https:\/\/lannen.brandproductstore.fi\/sv\/wp-json\/wp\/v2\/product\/5695"}],"collection":[{"href":"https:\/\/lannen.brandproductstore.fi\/sv\/wp-json\/wp\/v2\/product"}],"about":[{"href":"https:\/\/lannen.brandproductstore.fi\/sv\/wp-json\/wp\/v2\/types\/product"}],"replies":[{"embeddable":true,"href":"https:\/\/lannen.brandproductstore.fi\/sv\/wp-json\/wp\/v2\/comments?post=5695"}],"wp:featuredmedia":[{"embeddable":true,"href":"https:\/\/lannen.brandproductstore.fi\/sv\/wp-json\/wp\/v2\/media\/5225"}],"wp:attachment":[{"href":"https:\/\/lannen.brandproductstore.fi\/sv\/wp-json\/wp\/v2\/media?parent=5695"}],"curies":[{"name":"wp","href":"https:\/\/api.w.org\/{rel}","templated":true}]}}