{"id":5830,"date":"2023-10-31T15:01:18","date_gmt":"2023-10-31T13:01:18","guid":{"rendered":"https:\/\/lannen.brandproductstore.fi\/?post_type=product&#038;p=5830"},"modified":"2024-04-02T18:29:55","modified_gmt":"2024-04-02T16:29:55","slug":"lundberg-skaljacka-klass-3","status":"publish","type":"product","link":"https:\/\/lannen.brandproductstore.fi\/sv\/produkt\/lundberg-skaljacka-klass-3\/","title":{"rendered":"Lundberg Skaljacka (Klass 3)"},"content":{"rendered":"<p>Skaljackan med Vind- och vattent\u00e4t med tejpade s\u00f6mmar. Tv\u00e5 br\u00f6stfickor och tv\u00e5 framfickor med dragkedjor. I v\u00e4nster br\u00f6stficka en D-ring f\u00f6r ID-kort. Tre innerfickor. Avtagbar huva med justerbart elastiskt band. Justerbara muddar. Certifikat EN20471 LK3. EN343.<\/p>\n","protected":false},"excerpt":{"rendered":"<p><strong>Material<\/strong> 100% polyester.<br \/>\n<strong>Unisex<\/strong> XS-4XL<br \/>\n<strong>F\u00e4rg<\/strong> varselgul\/svart.<br \/>\n<strong>Tryckt Lundberg-logga p\u00e5 v\u00e4nster br\u00f6st och rygg.<\/strong><\/p>\n","protected":false},"featured_media":5293,"comment_status":"open","ping_status":"closed","template":"","meta":[],"wcpa_form_fields":null,"yoast_head":"<!-- This site is optimized with the Yoast SEO plugin v16.2 - https:\/\/yoast.com\/wordpress\/plugins\/seo\/ -->\n<title>Lundberg Skaljacka (Klass 3) - L\u00e4nnen Webshop<\/title>\n<meta name=\"robots\" content=\"index, follow, max-snippet:-1, max-image-preview:large, max-video-preview:-1\" \/>\n<link rel=\"canonical\" href=\"https:\/\/lannen.brandproductstore.fi\/sv\/produkt\/lundberg-skaljacka-klass-3\/\" \/>\n<meta property=\"og:locale\" content=\"sv_SE\" \/>\n<meta property=\"og:type\" content=\"article\" \/>\n<meta property=\"og:title\" content=\"Lundberg Skaljacka (Klass 3) - L\u00e4nnen Webshop\" \/>\n<meta property=\"og:description\" content=\"Material 100% polyester. Unisex XS-4XL F\u00e4rg varselgul\/svart. Tryckt Lundberg-logga p\u00e5 v\u00e4nster br\u00f6st och rygg.\" \/>\n<meta property=\"og:url\" content=\"https:\/\/lannen.brandproductstore.fi\/sv\/produkt\/lundberg-skaljacka-klass-3\/\" \/>\n<meta property=\"og:site_name\" content=\"L\u00e4nnen Webshop\" \/>\n<meta property=\"article:modified_time\" content=\"2024-04-02T16:29:55+00:00\" \/>\n<meta property=\"og:image\" content=\"https:\/\/lannen.brandproductstore.fi\/wp-content\/uploads\/2023\/10\/Projob-6440-Tekninen-takki-Huomioluokka-3-Lundberg.jpg\" \/>\n\t<meta property=\"og:image:width\" content=\"880\" \/>\n\t<meta property=\"og:image:height\" content=\"880\" \/>\n<meta name=\"twitter:card\" content=\"summary_large_image\" \/>\n<meta name=\"twitter:label1\" content=\"Est. reading time\">\n\t<meta name=\"twitter:data1\" content=\"1 minute\">\n<script type=\"application\/ld+json\" class=\"yoast-schema-graph\">{\"@context\":\"https:\/\/schema.org\",\"@graph\":[{\"@type\":\"WebSite\",\"@id\":\"https:\/\/lannen.brandproductstore.fi\/sv\/#website\",\"url\":\"https:\/\/lannen.brandproductstore.fi\/sv\/\",\"name\":\"L\\u00e4nnen Webshop\",\"description\":\"\",\"potentialAction\":[{\"@type\":\"SearchAction\",\"target\":\"https:\/\/lannen.brandproductstore.fi\/sv\/?s={search_term_string}\",\"query-input\":\"required name=search_term_string\"}],\"inLanguage\":\"sv-SE\"},{\"@type\":\"ImageObject\",\"@id\":\"https:\/\/lannen.brandproductstore.fi\/sv\/produkt\/lundberg-skaljacka-klass-3\/#primaryimage\",\"inLanguage\":\"sv-SE\",\"url\":\"https:\/\/lannen.brandproductstore.fi\/wp-content\/uploads\/2023\/10\/Projob-6440-Tekninen-takki-Huomioluokka-3-Lundberg.jpg\",\"contentUrl\":\"https:\/\/lannen.brandproductstore.fi\/wp-content\/uploads\/2023\/10\/Projob-6440-Tekninen-takki-Huomioluokka-3-Lundberg.jpg\",\"width\":880,\"height\":880},{\"@type\":\"WebPage\",\"@id\":\"https:\/\/lannen.brandproductstore.fi\/sv\/produkt\/lundberg-skaljacka-klass-3\/#webpage\",\"url\":\"https:\/\/lannen.brandproductstore.fi\/sv\/produkt\/lundberg-skaljacka-klass-3\/\",\"name\":\"Lundberg Skaljacka (Klass 3) - L\\u00e4nnen Webshop\",\"isPartOf\":{\"@id\":\"https:\/\/lannen.brandproductstore.fi\/sv\/#website\"},\"primaryImageOfPage\":{\"@id\":\"https:\/\/lannen.brandproductstore.fi\/sv\/produkt\/lundberg-skaljacka-klass-3\/#primaryimage\"},\"datePublished\":\"2023-10-31T13:01:18+00:00\",\"dateModified\":\"2024-04-02T16:29:55+00:00\",\"breadcrumb\":{\"@id\":\"https:\/\/lannen.brandproductstore.fi\/sv\/produkt\/lundberg-skaljacka-klass-3\/#breadcrumb\"},\"inLanguage\":\"sv-SE\",\"potentialAction\":[{\"@type\":\"ReadAction\",\"target\":[\"https:\/\/lannen.brandproductstore.fi\/sv\/produkt\/lundberg-skaljacka-klass-3\/\"]}]},{\"@type\":\"BreadcrumbList\",\"@id\":\"https:\/\/lannen.brandproductstore.fi\/sv\/produkt\/lundberg-skaljacka-klass-3\/#breadcrumb\",\"itemListElement\":[{\"@type\":\"ListItem\",\"position\":1,\"item\":{\"@type\":\"WebPage\",\"@id\":\"https:\/\/lannen.brandproductstore.fi\/sv\/produkter\/\",\"url\":\"https:\/\/lannen.brandproductstore.fi\/sv\/produkter\/\",\"name\":\"Home\"}},{\"@type\":\"ListItem\",\"position\":2,\"item\":{\"@type\":\"WebPage\",\"@id\":\"https:\/\/lannen.brandproductstore.fi\/sv\/produkter\/\",\"url\":\"https:\/\/lannen.brandproductstore.fi\/sv\/produkter\/\",\"name\":\"Produkter\"}},{\"@type\":\"ListItem\",\"position\":3,\"item\":{\"@id\":\"https:\/\/lannen.brandproductstore.fi\/sv\/produkt\/lundberg-skaljacka-klass-3\/#webpage\"}}]}]}<\/script>\n<!-- \/ Yoast SEO plugin. -->","_links":{"self":[{"href":"https:\/\/lannen.brandproductstore.fi\/sv\/wp-json\/wp\/v2\/product\/5830"}],"collection":[{"href":"https:\/\/lannen.brandproductstore.fi\/sv\/wp-json\/wp\/v2\/product"}],"about":[{"href":"https:\/\/lannen.brandproductstore.fi\/sv\/wp-json\/wp\/v2\/types\/product"}],"replies":[{"embeddable":true,"href":"https:\/\/lannen.brandproductstore.fi\/sv\/wp-json\/wp\/v2\/comments?post=5830"}],"wp:featuredmedia":[{"embeddable":true,"href":"https:\/\/lannen.brandproductstore.fi\/sv\/wp-json\/wp\/v2\/media\/5293"}],"wp:attachment":[{"href":"https:\/\/lannen.brandproductstore.fi\/sv\/wp-json\/wp\/v2\/media?parent=5830"}],"curies":[{"name":"wp","href":"https:\/\/api.w.org\/{rel}","templated":true}]}}