{"id":6011,"date":"2023-11-15T14:42:02","date_gmt":"2023-11-15T12:42:02","guid":{"rendered":"https:\/\/lannen.brandproductstore.fi\/?post_type=product&#038;p=6011"},"modified":"2024-04-03T13:20:33","modified_gmt":"2024-04-03T11:20:33","slug":"lundberg-midjebyxa-klass-2","status":"publish","type":"product","link":"https:\/\/lannen.brandproductstore.fi\/sv\/produkt\/lundberg-midjebyxa-klass-2\/","title":{"rendered":"Lundberg Midjebyxa (Klass 2)"},"content":{"rendered":"<p>Varselbyxor \u00e4r tillverkad l\u00e4ttsk\u00f6tt polyester-bomullsblandning som beh\u00e5ller form och f\u00e4rg. Bakfickor med lock och kardborrekn\u00e4ppning. L\u00e5rfickorna har plats f\u00f6r telefon, pennor och verktyg. M\u00e5ttficka med stickknapp. Kn\u00e4skydden kan justeras i tv\u00e5 olika h\u00f6jder. F\u00f6rst\u00e4rkningar i m\u00e5ttfickan och kn\u00e4skyddsfickor. Det \u00e4r m\u00f6jligt att f\u00f6rl\u00e4nga benen p\u00e5 byxor i C-storlek med 5 centimeter.<\/p>\n","protected":false},"excerpt":{"rendered":"<p><strong>Material<\/strong> 80% polyester\/20% bomull.<br \/>\n<strong>C-storlek<\/strong> C44-C64<br \/>\n<strong>D-storlek<\/strong> D84-D120<br \/>\n<strong>F\u00e4rg<\/strong> varselgul\/svart.<br \/>\n<strong>Tryckt Lundberg-logga p\u00e5 l\u00e5rfickan.<\/strong><\/p>\n","protected":false},"featured_media":5306,"comment_status":"open","ping_status":"closed","template":"","meta":[],"wcpa_form_fields":null,"yoast_head":"<!-- This site is optimized with the Yoast SEO plugin v16.2 - https:\/\/yoast.com\/wordpress\/plugins\/seo\/ -->\n<title>Lundberg Midjebyxa (Klass 2) - L\u00e4nnen Webshop<\/title>\n<meta name=\"robots\" content=\"index, follow, max-snippet:-1, max-image-preview:large, max-video-preview:-1\" \/>\n<link rel=\"canonical\" href=\"https:\/\/lannen.brandproductstore.fi\/sv\/produkt\/lundberg-midjebyxa-klass-2\/\" \/>\n<meta property=\"og:locale\" content=\"sv_SE\" \/>\n<meta property=\"og:type\" content=\"article\" \/>\n<meta property=\"og:title\" content=\"Lundberg Midjebyxa (Klass 2) - L\u00e4nnen Webshop\" \/>\n<meta property=\"og:description\" content=\"Material 80% polyester\/20% bomull. C-storlek C44-C64 D-storlek D84-D120 F\u00e4rg varselgul\/svart. Tryckt Lundberg-logga p\u00e5 l\u00e5rfickan.\" \/>\n<meta property=\"og:url\" content=\"https:\/\/lannen.brandproductstore.fi\/sv\/produkt\/lundberg-midjebyxa-klass-2\/\" \/>\n<meta property=\"og:site_name\" content=\"L\u00e4nnen Webshop\" \/>\n<meta property=\"article:modified_time\" content=\"2024-04-03T11:20:33+00:00\" \/>\n<meta property=\"og:image\" content=\"https:\/\/lannen.brandproductstore.fi\/wp-content\/uploads\/2023\/11\/Projob-6532-Huomioreisitaskuhousu-Lundberg.jpg\" \/>\n\t<meta property=\"og:image:width\" content=\"880\" \/>\n\t<meta property=\"og:image:height\" content=\"880\" \/>\n<meta name=\"twitter:card\" content=\"summary_large_image\" \/>\n<meta name=\"twitter:label1\" content=\"Est. reading time\">\n\t<meta name=\"twitter:data1\" content=\"1 minute\">\n<script type=\"application\/ld+json\" class=\"yoast-schema-graph\">{\"@context\":\"https:\/\/schema.org\",\"@graph\":[{\"@type\":\"WebSite\",\"@id\":\"https:\/\/lannen.brandproductstore.fi\/sv\/#website\",\"url\":\"https:\/\/lannen.brandproductstore.fi\/sv\/\",\"name\":\"L\\u00e4nnen Webshop\",\"description\":\"\",\"potentialAction\":[{\"@type\":\"SearchAction\",\"target\":\"https:\/\/lannen.brandproductstore.fi\/sv\/?s={search_term_string}\",\"query-input\":\"required name=search_term_string\"}],\"inLanguage\":\"sv-SE\"},{\"@type\":\"ImageObject\",\"@id\":\"https:\/\/lannen.brandproductstore.fi\/sv\/produkt\/lundberg-midjebyxa-klass-2\/#primaryimage\",\"inLanguage\":\"sv-SE\",\"url\":\"https:\/\/lannen.brandproductstore.fi\/wp-content\/uploads\/2023\/11\/Projob-6532-Huomioreisitaskuhousu-Lundberg.jpg\",\"contentUrl\":\"https:\/\/lannen.brandproductstore.fi\/wp-content\/uploads\/2023\/11\/Projob-6532-Huomioreisitaskuhousu-Lundberg.jpg\",\"width\":880,\"height\":880},{\"@type\":\"WebPage\",\"@id\":\"https:\/\/lannen.brandproductstore.fi\/sv\/produkt\/lundberg-midjebyxa-klass-2\/#webpage\",\"url\":\"https:\/\/lannen.brandproductstore.fi\/sv\/produkt\/lundberg-midjebyxa-klass-2\/\",\"name\":\"Lundberg Midjebyxa (Klass 2) - L\\u00e4nnen Webshop\",\"isPartOf\":{\"@id\":\"https:\/\/lannen.brandproductstore.fi\/sv\/#website\"},\"primaryImageOfPage\":{\"@id\":\"https:\/\/lannen.brandproductstore.fi\/sv\/produkt\/lundberg-midjebyxa-klass-2\/#primaryimage\"},\"datePublished\":\"2023-11-15T12:42:02+00:00\",\"dateModified\":\"2024-04-03T11:20:33+00:00\",\"breadcrumb\":{\"@id\":\"https:\/\/lannen.brandproductstore.fi\/sv\/produkt\/lundberg-midjebyxa-klass-2\/#breadcrumb\"},\"inLanguage\":\"sv-SE\",\"potentialAction\":[{\"@type\":\"ReadAction\",\"target\":[\"https:\/\/lannen.brandproductstore.fi\/sv\/produkt\/lundberg-midjebyxa-klass-2\/\"]}]},{\"@type\":\"BreadcrumbList\",\"@id\":\"https:\/\/lannen.brandproductstore.fi\/sv\/produkt\/lundberg-midjebyxa-klass-2\/#breadcrumb\",\"itemListElement\":[{\"@type\":\"ListItem\",\"position\":1,\"item\":{\"@type\":\"WebPage\",\"@id\":\"https:\/\/lannen.brandproductstore.fi\/sv\/produkter\/\",\"url\":\"https:\/\/lannen.brandproductstore.fi\/sv\/produkter\/\",\"name\":\"Home\"}},{\"@type\":\"ListItem\",\"position\":2,\"item\":{\"@type\":\"WebPage\",\"@id\":\"https:\/\/lannen.brandproductstore.fi\/sv\/produkter\/\",\"url\":\"https:\/\/lannen.brandproductstore.fi\/sv\/produkter\/\",\"name\":\"Produkter\"}},{\"@type\":\"ListItem\",\"position\":3,\"item\":{\"@id\":\"https:\/\/lannen.brandproductstore.fi\/sv\/produkt\/lundberg-midjebyxa-klass-2\/#webpage\"}}]}]}<\/script>\n<!-- \/ Yoast SEO plugin. -->","_links":{"self":[{"href":"https:\/\/lannen.brandproductstore.fi\/sv\/wp-json\/wp\/v2\/product\/6011"}],"collection":[{"href":"https:\/\/lannen.brandproductstore.fi\/sv\/wp-json\/wp\/v2\/product"}],"about":[{"href":"https:\/\/lannen.brandproductstore.fi\/sv\/wp-json\/wp\/v2\/types\/product"}],"replies":[{"embeddable":true,"href":"https:\/\/lannen.brandproductstore.fi\/sv\/wp-json\/wp\/v2\/comments?post=6011"}],"wp:featuredmedia":[{"embeddable":true,"href":"https:\/\/lannen.brandproductstore.fi\/sv\/wp-json\/wp\/v2\/media\/5306"}],"wp:attachment":[{"href":"https:\/\/lannen.brandproductstore.fi\/sv\/wp-json\/wp\/v2\/media?parent=6011"}],"curies":[{"name":"wp","href":"https:\/\/api.w.org\/{rel}","templated":true}]}}