{"id":6099,"date":"2024-01-29T12:43:55","date_gmt":"2024-01-29T10:43:55","guid":{"rendered":"https:\/\/lannen.brandproductstore.fi\/?post_type=product&#038;p=6099"},"modified":"2024-04-03T13:55:33","modified_gmt":"2024-04-03T11:55:33","slug":"lundberg-fodrad-midjebyxa-klass-2","status":"publish","type":"product","link":"https:\/\/lannen.brandproductstore.fi\/sv\/produkt\/lundberg-fodrad-midjebyxa-klass-2\/","title":{"rendered":"Lundberg Fodrad Midjebyxa (Klass 2)"},"content":{"rendered":"<p>Fodrade byxor av vatten- och vindt\u00e4tt material med tejpade s\u00f6mmar. Upph\u00f6jd rygg och justerbar midja. Byxorna har rymliga sidfickor och bakfickor med flika. L\u00e5rfickan har telefonficka och klaff p\u00e5 h\u00f6ger sida. P\u00e5 v\u00e4nster sida en m\u00e5ttficka och plats f\u00f6r verktyg. P\u00e5 insidan kn\u00e4skyddsfickor som kan justeras i tv\u00e5 olika h\u00f6jder. Benen har dragkedjor som n\u00e5r upp till kn\u00e4 f\u00f6r att g\u00f6ra det l\u00e4ttare att ta p\u00e5.<\/p>\n","protected":false},"excerpt":{"rendered":"<p><strong>Material<\/strong> 100% polyester. F\u00f6rst\u00e4rkningar 100% polyamid. Foder 100% polyester<\/p>\n<p><strong>Storlek<\/strong><br \/>\nC-storlek C44-C62<br \/>\nC-100 storlek C146-156<br \/>\nD-storlek D84-D120<\/p>\n<p><strong>F\u00e4rg<\/strong> varselgul\/svart.<\/p>\n<p><strong>Tryckt Lundberg-logga p\u00e5 l\u00e5rfickan.<\/strong><\/p>\n","protected":false},"featured_media":5331,"comment_status":"open","ping_status":"closed","template":"","meta":[],"wcpa_form_fields":null,"yoast_head":"<!-- This site is optimized with the Yoast SEO plugin v16.2 - https:\/\/yoast.com\/wordpress\/plugins\/seo\/ -->\n<title>Lundberg Fodrad Midjebyxa (Klass 2) - L\u00e4nnen Webshop<\/title>\n<meta name=\"robots\" content=\"index, follow, max-snippet:-1, max-image-preview:large, max-video-preview:-1\" \/>\n<link rel=\"canonical\" href=\"https:\/\/lannen.brandproductstore.fi\/sv\/produkt\/lundberg-fodrad-midjebyxa-klass-2\/\" \/>\n<meta property=\"og:locale\" content=\"sv_SE\" \/>\n<meta property=\"og:type\" content=\"article\" \/>\n<meta property=\"og:title\" content=\"Lundberg Fodrad Midjebyxa (Klass 2) - L\u00e4nnen Webshop\" \/>\n<meta property=\"og:description\" content=\"Material 100% polyester. F\u00f6rst\u00e4rkningar 100% polyamid. Foder 100% polyester  Storlek C-storlek C44-C62 C-100 storlek C146-156 D-storlek D84-D120  F\u00e4rg varselgul\/svart.  Tryckt Lundberg-logga p\u00e5 l\u00e5rfickan.\" \/>\n<meta property=\"og:url\" content=\"https:\/\/lannen.brandproductstore.fi\/sv\/produkt\/lundberg-fodrad-midjebyxa-klass-2\/\" \/>\n<meta property=\"og:site_name\" content=\"L\u00e4nnen Webshop\" \/>\n<meta property=\"article:modified_time\" content=\"2024-04-03T11:55:33+00:00\" \/>\n<meta property=\"og:image\" content=\"https:\/\/lannen.brandproductstore.fi\/wp-content\/uploads\/2024\/01\/PROJOB-HUOMIOTOPPAHOUSUT_Lannen.jpg\" \/>\n\t<meta property=\"og:image:width\" content=\"600\" \/>\n\t<meta property=\"og:image:height\" content=\"600\" \/>\n<meta name=\"twitter:card\" content=\"summary_large_image\" \/>\n<meta name=\"twitter:label1\" content=\"Est. reading time\">\n\t<meta name=\"twitter:data1\" content=\"1 minute\">\n<script type=\"application\/ld+json\" class=\"yoast-schema-graph\">{\"@context\":\"https:\/\/schema.org\",\"@graph\":[{\"@type\":\"WebSite\",\"@id\":\"https:\/\/lannen.brandproductstore.fi\/sv\/#website\",\"url\":\"https:\/\/lannen.brandproductstore.fi\/sv\/\",\"name\":\"L\\u00e4nnen Webshop\",\"description\":\"\",\"potentialAction\":[{\"@type\":\"SearchAction\",\"target\":\"https:\/\/lannen.brandproductstore.fi\/sv\/?s={search_term_string}\",\"query-input\":\"required name=search_term_string\"}],\"inLanguage\":\"sv-SE\"},{\"@type\":\"ImageObject\",\"@id\":\"https:\/\/lannen.brandproductstore.fi\/sv\/produkt\/lundberg-fodrad-midjebyxa-klass-2\/#primaryimage\",\"inLanguage\":\"sv-SE\",\"url\":\"https:\/\/lannen.brandproductstore.fi\/wp-content\/uploads\/2024\/01\/PROJOB-HUOMIOTOPPAHOUSUT_Lannen.jpg\",\"contentUrl\":\"https:\/\/lannen.brandproductstore.fi\/wp-content\/uploads\/2024\/01\/PROJOB-HUOMIOTOPPAHOUSUT_Lannen.jpg\",\"width\":600,\"height\":600},{\"@type\":\"WebPage\",\"@id\":\"https:\/\/lannen.brandproductstore.fi\/sv\/produkt\/lundberg-fodrad-midjebyxa-klass-2\/#webpage\",\"url\":\"https:\/\/lannen.brandproductstore.fi\/sv\/produkt\/lundberg-fodrad-midjebyxa-klass-2\/\",\"name\":\"Lundberg Fodrad Midjebyxa (Klass 2) - L\\u00e4nnen Webshop\",\"isPartOf\":{\"@id\":\"https:\/\/lannen.brandproductstore.fi\/sv\/#website\"},\"primaryImageOfPage\":{\"@id\":\"https:\/\/lannen.brandproductstore.fi\/sv\/produkt\/lundberg-fodrad-midjebyxa-klass-2\/#primaryimage\"},\"datePublished\":\"2024-01-29T10:43:55+00:00\",\"dateModified\":\"2024-04-03T11:55:33+00:00\",\"breadcrumb\":{\"@id\":\"https:\/\/lannen.brandproductstore.fi\/sv\/produkt\/lundberg-fodrad-midjebyxa-klass-2\/#breadcrumb\"},\"inLanguage\":\"sv-SE\",\"potentialAction\":[{\"@type\":\"ReadAction\",\"target\":[\"https:\/\/lannen.brandproductstore.fi\/sv\/produkt\/lundberg-fodrad-midjebyxa-klass-2\/\"]}]},{\"@type\":\"BreadcrumbList\",\"@id\":\"https:\/\/lannen.brandproductstore.fi\/sv\/produkt\/lundberg-fodrad-midjebyxa-klass-2\/#breadcrumb\",\"itemListElement\":[{\"@type\":\"ListItem\",\"position\":1,\"item\":{\"@type\":\"WebPage\",\"@id\":\"https:\/\/lannen.brandproductstore.fi\/sv\/produkter\/\",\"url\":\"https:\/\/lannen.brandproductstore.fi\/sv\/produkter\/\",\"name\":\"Home\"}},{\"@type\":\"ListItem\",\"position\":2,\"item\":{\"@type\":\"WebPage\",\"@id\":\"https:\/\/lannen.brandproductstore.fi\/sv\/produkter\/\",\"url\":\"https:\/\/lannen.brandproductstore.fi\/sv\/produkter\/\",\"name\":\"Produkter\"}},{\"@type\":\"ListItem\",\"position\":3,\"item\":{\"@id\":\"https:\/\/lannen.brandproductstore.fi\/sv\/produkt\/lundberg-fodrad-midjebyxa-klass-2\/#webpage\"}}]}]}<\/script>\n<!-- \/ Yoast SEO plugin. -->","_links":{"self":[{"href":"https:\/\/lannen.brandproductstore.fi\/sv\/wp-json\/wp\/v2\/product\/6099"}],"collection":[{"href":"https:\/\/lannen.brandproductstore.fi\/sv\/wp-json\/wp\/v2\/product"}],"about":[{"href":"https:\/\/lannen.brandproductstore.fi\/sv\/wp-json\/wp\/v2\/types\/product"}],"replies":[{"embeddable":true,"href":"https:\/\/lannen.brandproductstore.fi\/sv\/wp-json\/wp\/v2\/comments?post=6099"}],"wp:featuredmedia":[{"embeddable":true,"href":"https:\/\/lannen.brandproductstore.fi\/sv\/wp-json\/wp\/v2\/media\/5331"}],"wp:attachment":[{"href":"https:\/\/lannen.brandproductstore.fi\/sv\/wp-json\/wp\/v2\/media?parent=6099"}],"curies":[{"name":"wp","href":"https:\/\/api.w.org\/{rel}","templated":true}]}}