{"id":6718,"date":"2024-11-26T17:01:11","date_gmt":"2024-11-26T15:01:11","guid":{"rendered":"https:\/\/lannen.brandproductstore.fi\/?post_type=product&#038;p=6718"},"modified":"2024-11-26T17:03:13","modified_gmt":"2024-11-26T15:03:13","slug":"lannen-2nd-life-ostersjo-mugg-med-liten-logga-v-kopio","status":"publish","type":"product","link":"https:\/\/lannen.brandproductstore.fi\/sv\/produkt\/lannen-2nd-life-ostersjo-mugg-med-liten-logga-v-kopio\/","title":{"rendered":"L\u00e4nnen 2nd Life \u00d6stersj\u00f6 mugg med stor logga (V)"},"content":{"rendered":"<p>2nd life kaffemugg 350 ml med skruvlock<br \/>\nLivsmedelsklassad PLA som \u00e4r ett plastalternativ<br \/>\nT\u00e5l diskmaskin och frys<br \/>\nProduserad av majs- och potatisst\u00e4rkelse.<br \/>\nDenna kopp \u00e4r omslagen med en isolerande korkyta<br \/>\nKorken sk\u00f6rdas utan att skada sj\u00e4lva tr\u00e4det<\/p>\n<p>Vi donerar 8 % av varje s\u00e5lda 2nd Life-produkt till John Nurminen stiftelsen skydd av \u00d6stersj\u00f6n och dess arv<\/p>\n","protected":false},"excerpt":{"rendered":"<p><strong>Stor L\u00e4nnen-logga p\u00e5 sidan.<\/strong><\/p>\n","protected":false},"featured_media":6721,"comment_status":"open","ping_status":"closed","template":"","meta":[],"wcpa_form_fields":null,"yoast_head":"<!-- This site is optimized with the Yoast SEO plugin v16.2 - https:\/\/yoast.com\/wordpress\/plugins\/seo\/ -->\n<title>L\u00e4nnen 2nd Life \u00d6stersj\u00f6 mugg med stor logga (V) - L\u00e4nnen Webshop<\/title>\n<meta name=\"robots\" content=\"index, follow, max-snippet:-1, max-image-preview:large, max-video-preview:-1\" \/>\n<link rel=\"canonical\" href=\"https:\/\/lannen.brandproductstore.fi\/sv\/produkt\/lannen-2nd-life-ostersjo-mugg-med-liten-logga-v-kopio\/\" \/>\n<meta property=\"og:locale\" content=\"sv_SE\" \/>\n<meta property=\"og:type\" content=\"article\" \/>\n<meta property=\"og:title\" content=\"L\u00e4nnen 2nd Life \u00d6stersj\u00f6 mugg med stor logga (V) - L\u00e4nnen Webshop\" \/>\n<meta property=\"og:description\" content=\"Stor L\u00e4nnen-logga p\u00e5 sidan.\" \/>\n<meta property=\"og:url\" content=\"https:\/\/lannen.brandproductstore.fi\/sv\/produkt\/lannen-2nd-life-ostersjo-mugg-med-liten-logga-v-kopio\/\" \/>\n<meta property=\"og:site_name\" content=\"L\u00e4nnen Webshop\" \/>\n<meta property=\"article:modified_time\" content=\"2024-11-26T15:03:13+00:00\" \/>\n<meta property=\"og:image\" content=\"https:\/\/lannen.brandproductstore.fi\/wp-content\/uploads\/2024\/11\/LAIF-12349-1A.jpg\" \/>\n\t<meta property=\"og:image:width\" content=\"1000\" \/>\n\t<meta property=\"og:image:height\" content=\"1000\" \/>\n<meta name=\"twitter:card\" content=\"summary_large_image\" \/>\n<meta name=\"twitter:label1\" content=\"Est. reading time\">\n\t<meta name=\"twitter:data1\" content=\"1 minute\">\n<script type=\"application\/ld+json\" class=\"yoast-schema-graph\">{\"@context\":\"https:\/\/schema.org\",\"@graph\":[{\"@type\":\"WebSite\",\"@id\":\"https:\/\/lannen.brandproductstore.fi\/sv\/#website\",\"url\":\"https:\/\/lannen.brandproductstore.fi\/sv\/\",\"name\":\"L\\u00e4nnen Webshop\",\"description\":\"\",\"potentialAction\":[{\"@type\":\"SearchAction\",\"target\":\"https:\/\/lannen.brandproductstore.fi\/sv\/?s={search_term_string}\",\"query-input\":\"required name=search_term_string\"}],\"inLanguage\":\"sv-SE\"},{\"@type\":\"ImageObject\",\"@id\":\"https:\/\/lannen.brandproductstore.fi\/sv\/produkt\/lannen-2nd-life-ostersjo-mugg-med-liten-logga-v-kopio\/#primaryimage\",\"inLanguage\":\"sv-SE\",\"url\":\"https:\/\/lannen.brandproductstore.fi\/wp-content\/uploads\/2024\/11\/LAIF-12349-1A.jpg\",\"contentUrl\":\"https:\/\/lannen.brandproductstore.fi\/wp-content\/uploads\/2024\/11\/LAIF-12349-1A.jpg\",\"width\":1000,\"height\":1000},{\"@type\":\"WebPage\",\"@id\":\"https:\/\/lannen.brandproductstore.fi\/sv\/produkt\/lannen-2nd-life-ostersjo-mugg-med-liten-logga-v-kopio\/#webpage\",\"url\":\"https:\/\/lannen.brandproductstore.fi\/sv\/produkt\/lannen-2nd-life-ostersjo-mugg-med-liten-logga-v-kopio\/\",\"name\":\"L\\u00e4nnen 2nd Life \\u00d6stersj\\u00f6 mugg med stor logga (V) - L\\u00e4nnen Webshop\",\"isPartOf\":{\"@id\":\"https:\/\/lannen.brandproductstore.fi\/sv\/#website\"},\"primaryImageOfPage\":{\"@id\":\"https:\/\/lannen.brandproductstore.fi\/sv\/produkt\/lannen-2nd-life-ostersjo-mugg-med-liten-logga-v-kopio\/#primaryimage\"},\"datePublished\":\"2024-11-26T15:01:11+00:00\",\"dateModified\":\"2024-11-26T15:03:13+00:00\",\"breadcrumb\":{\"@id\":\"https:\/\/lannen.brandproductstore.fi\/sv\/produkt\/lannen-2nd-life-ostersjo-mugg-med-liten-logga-v-kopio\/#breadcrumb\"},\"inLanguage\":\"sv-SE\",\"potentialAction\":[{\"@type\":\"ReadAction\",\"target\":[\"https:\/\/lannen.brandproductstore.fi\/sv\/produkt\/lannen-2nd-life-ostersjo-mugg-med-liten-logga-v-kopio\/\"]}]},{\"@type\":\"BreadcrumbList\",\"@id\":\"https:\/\/lannen.brandproductstore.fi\/sv\/produkt\/lannen-2nd-life-ostersjo-mugg-med-liten-logga-v-kopio\/#breadcrumb\",\"itemListElement\":[{\"@type\":\"ListItem\",\"position\":1,\"item\":{\"@type\":\"WebPage\",\"@id\":\"https:\/\/lannen.brandproductstore.fi\/sv\/produkter\/\",\"url\":\"https:\/\/lannen.brandproductstore.fi\/sv\/produkter\/\",\"name\":\"Home\"}},{\"@type\":\"ListItem\",\"position\":2,\"item\":{\"@type\":\"WebPage\",\"@id\":\"https:\/\/lannen.brandproductstore.fi\/sv\/produkter\/\",\"url\":\"https:\/\/lannen.brandproductstore.fi\/sv\/produkter\/\",\"name\":\"Produkter\"}},{\"@type\":\"ListItem\",\"position\":3,\"item\":{\"@id\":\"https:\/\/lannen.brandproductstore.fi\/sv\/produkt\/lannen-2nd-life-ostersjo-mugg-med-liten-logga-v-kopio\/#webpage\"}}]}]}<\/script>\n<!-- \/ Yoast SEO plugin. -->","_links":{"self":[{"href":"https:\/\/lannen.brandproductstore.fi\/sv\/wp-json\/wp\/v2\/product\/6718"}],"collection":[{"href":"https:\/\/lannen.brandproductstore.fi\/sv\/wp-json\/wp\/v2\/product"}],"about":[{"href":"https:\/\/lannen.brandproductstore.fi\/sv\/wp-json\/wp\/v2\/types\/product"}],"replies":[{"embeddable":true,"href":"https:\/\/lannen.brandproductstore.fi\/sv\/wp-json\/wp\/v2\/comments?post=6718"}],"wp:featuredmedia":[{"embeddable":true,"href":"https:\/\/lannen.brandproductstore.fi\/sv\/wp-json\/wp\/v2\/media\/6721"}],"wp:attachment":[{"href":"https:\/\/lannen.brandproductstore.fi\/sv\/wp-json\/wp\/v2\/media?parent=6718"}],"curies":[{"name":"wp","href":"https:\/\/api.w.org\/{rel}","templated":true}]}}